{"id":64,"date":"2013-11-04T22:09:28","date_gmt":"2013-11-04T21:09:28","guid":{"rendered":"http:\/\/www.videoworx.at\/?page_id=64"},"modified":"2023-04-14T16:53:53","modified_gmt":"2023-04-14T14:53:53","slug":"leistungen","status":"publish","type":"page","link":"https:\/\/www.videoworx.at\/?page_id=64","title":{"rendered":"Leistungen"},"content":{"rendered":"<h2><\/h2>\n<h3>Filmproduktion:<\/h3>\n<p>Im Bereich Videoproduktion finden Sie in uns einen Partner, der Ihre Idee in Bild und Ton umsetzt!\u00a0Bewegte Bilder wirken, erkl\u00e4ren und bleiben in Erinnerung.<\/p>\n<h3><a href=\"http:\/\/www.videoworx.at\/wp-content\/uploads\/2023\/01\/C137A2B5-8D67-4206-8162-0426F17D3579.jpg\"><img loading=\"lazy\" decoding=\"async\" class=\"alignnone wp-image-747 size-medium\" src=\"http:\/\/www.videoworx.at\/wp-content\/uploads\/2023\/01\/C137A2B5-8D67-4206-8162-0426F17D3579-e1672868930946-165x300.jpg\" alt=\"\" width=\"165\" height=\"300\" srcset=\"https:\/\/www.videoworx.at\/wp-content\/uploads\/2023\/01\/C137A2B5-8D67-4206-8162-0426F17D3579-e1672868930946-165x300.jpg 165w, https:\/\/www.videoworx.at\/wp-content\/uploads\/2023\/01\/C137A2B5-8D67-4206-8162-0426F17D3579-e1672868930946-563x1024.jpg 563w, https:\/\/www.videoworx.at\/wp-content\/uploads\/2023\/01\/C137A2B5-8D67-4206-8162-0426F17D3579-e1672868930946-768x1398.jpg 768w, https:\/\/www.videoworx.at\/wp-content\/uploads\/2023\/01\/C137A2B5-8D67-4206-8162-0426F17D3579-e1672868930946.jpg 790w\" sizes=\"(max-width: 165px) 100vw, 165px\" \/><\/a><a href=\"http:\/\/www.videoworx.at\/wp-content\/uploads\/2023\/01\/IMG_8144-scaled.jpeg\"><img loading=\"lazy\" decoding=\"async\" class=\"alignnone wp-image-827 size-medium\" src=\"http:\/\/www.videoworx.at\/wp-content\/uploads\/2023\/01\/IMG_8144-scaled-e1672868675266-166x300.jpeg\" alt=\"\" width=\"166\" height=\"300\" srcset=\"https:\/\/www.videoworx.at\/wp-content\/uploads\/2023\/01\/IMG_8144-scaled-e1672868675266-166x300.jpeg 166w, https:\/\/www.videoworx.at\/wp-content\/uploads\/2023\/01\/IMG_8144-scaled-e1672868675266-566x1024.jpeg 566w, https:\/\/www.videoworx.at\/wp-content\/uploads\/2023\/01\/IMG_8144-scaled-e1672868675266-768x1390.jpeg 768w, https:\/\/www.videoworx.at\/wp-content\/uploads\/2023\/01\/IMG_8144-scaled-e1672868675266-849x1536.jpeg 849w, https:\/\/www.videoworx.at\/wp-content\/uploads\/2023\/01\/IMG_8144-scaled-e1672868675266.jpeg 859w\" sizes=\"(max-width: 166px) 100vw, 166px\" \/><\/a><a href=\"http:\/\/www.videoworx.at\/wp-content\/uploads\/2023\/01\/IMG_6533-scaled-e1672868702315.jpeg\"><img loading=\"lazy\" decoding=\"async\" class=\"alignnone wp-image-847 size-medium\" src=\"http:\/\/www.videoworx.at\/wp-content\/uploads\/2023\/01\/IMG_6533-scaled-e1672870787877-166x300.jpeg\" alt=\"\" width=\"166\" height=\"300\" srcset=\"https:\/\/www.videoworx.at\/wp-content\/uploads\/2023\/01\/IMG_6533-scaled-e1672870787877-166x300.jpeg 166w, https:\/\/www.videoworx.at\/wp-content\/uploads\/2023\/01\/IMG_6533-scaled-e1672870787877-568x1024.jpeg 568w, https:\/\/www.videoworx.at\/wp-content\/uploads\/2023\/01\/IMG_6533-scaled-e1672870787877-768x1385.jpeg 768w, https:\/\/www.videoworx.at\/wp-content\/uploads\/2023\/01\/IMG_6533-scaled-e1672870787877-852x1536.jpeg 852w, https:\/\/www.videoworx.at\/wp-content\/uploads\/2023\/01\/IMG_6533-scaled-e1672870787877-1136x2048.jpeg 1136w, https:\/\/www.videoworx.at\/wp-content\/uploads\/2023\/01\/IMG_6533-scaled-e1672870787877.jpeg 1420w\" sizes=\"(max-width: 166px) 100vw, 166px\" \/><\/a><a href=\"http:\/\/www.videoworx.at\/wp-content\/uploads\/2023\/01\/IMG_6959-scaled.jpeg\"><img loading=\"lazy\" decoding=\"async\" class=\"alignnone wp-image-798 size-medium\" src=\"http:\/\/www.videoworx.at\/wp-content\/uploads\/2023\/01\/IMG_6959-scaled-e1672869426682-166x300.jpeg\" alt=\"\" width=\"166\" height=\"300\" srcset=\"https:\/\/www.videoworx.at\/wp-content\/uploads\/2023\/01\/IMG_6959-scaled-e1672869426682-166x300.jpeg 166w, https:\/\/www.videoworx.at\/wp-content\/uploads\/2023\/01\/IMG_6959-scaled-e1672869426682-566x1024.jpeg 566w, https:\/\/www.videoworx.at\/wp-content\/uploads\/2023\/01\/IMG_6959-scaled-e1672869426682-768x1390.jpeg 768w, https:\/\/www.videoworx.at\/wp-content\/uploads\/2023\/01\/IMG_6959-scaled-e1672869426682-848x1536.jpeg 848w, https:\/\/www.videoworx.at\/wp-content\/uploads\/2023\/01\/IMG_6959-scaled-e1672869426682-1131x2048.jpeg 1131w, https:\/\/www.videoworx.at\/wp-content\/uploads\/2023\/01\/IMG_6959-scaled-e1672869426682.jpeg 1414w\" sizes=\"(max-width: 166px) 100vw, 166px\" \/><\/a>__________________________________________________<\/h3>\n<h3>Eventvisualisierung:<\/h3>\n<p>Ihre Pr\u00e4sentationen, Filme abgemischt, mit Live-Video in bestechender HD Qualit\u00e4t.\u00a0Wir \u00fcbertragen Ihr Event auf Gro\u00dfleinwand, mit bis zu 9 Kameras, zuspielen von Videoclips, PowerPoint usw.<\/p>\n<h3><a href=\"http:\/\/www.videoworx.at\/wp-content\/uploads\/2023\/01\/IMG_7728-scaled.jpeg\"><img loading=\"lazy\" decoding=\"async\" class=\"size-medium wp-image-809 alignnone\" src=\"http:\/\/www.videoworx.at\/wp-content\/uploads\/2023\/01\/IMG_7728-225x300.jpeg\" alt=\"\" width=\"225\" height=\"300\" \/><\/a><a href=\"http:\/\/www.videoworx.at\/wp-content\/uploads\/2023\/01\/IMG_8751-scaled.jpeg\"><img loading=\"lazy\" decoding=\"async\" class=\"alignnone size-medium wp-image-853\" src=\"http:\/\/www.videoworx.at\/wp-content\/uploads\/2023\/01\/IMG_8751-225x300.jpeg\" alt=\"\" width=\"225\" height=\"300\" \/><\/a><a href=\"http:\/\/www.videoworx.at\/wp-content\/uploads\/2023\/01\/IMG_8569-scaled.jpeg\"><img loading=\"lazy\" decoding=\"async\" class=\"alignnone size-medium wp-image-839\" src=\"http:\/\/www.videoworx.at\/wp-content\/uploads\/2023\/01\/IMG_8569-225x300.jpeg\" alt=\"\" width=\"225\" height=\"300\" \/><\/a>__________________________________________________<\/h3>\n<h3><strong>Livestream:<\/strong><\/h3>\n<p>Das Team von Videoworx \u00fcbertr\u00e4gt \u00a0auch gerne Ihre Veranstaltung live ins Internet, um noch ein gr\u00f6\u00dferes Publikum mit Ihren Informationen zu erreichen.<\/p>\n<h3><a href=\"http:\/\/www.videoworx.at\/wp-content\/uploads\/2023\/01\/5476e773-c106-4655-8ab1-d3f961f81c9a.jpg\"><img loading=\"lazy\" decoding=\"async\" class=\"alignnone size-medium wp-image-742\" src=\"http:\/\/www.videoworx.at\/wp-content\/uploads\/2023\/01\/5476e773-c106-4655-8ab1-d3f961f81c9a-300x225.jpg\" alt=\"\" width=\"300\" height=\"225\" srcset=\"https:\/\/www.videoworx.at\/wp-content\/uploads\/2023\/01\/5476e773-c106-4655-8ab1-d3f961f81c9a-300x225.jpg 300w, https:\/\/www.videoworx.at\/wp-content\/uploads\/2023\/01\/5476e773-c106-4655-8ab1-d3f961f81c9a-1024x768.jpg 1024w, https:\/\/www.videoworx.at\/wp-content\/uploads\/2023\/01\/5476e773-c106-4655-8ab1-d3f961f81c9a-768x576.jpg 768w, https:\/\/www.videoworx.at\/wp-content\/uploads\/2023\/01\/5476e773-c106-4655-8ab1-d3f961f81c9a-1536x1152.jpg 1536w, https:\/\/www.videoworx.at\/wp-content\/uploads\/2023\/01\/5476e773-c106-4655-8ab1-d3f961f81c9a.jpg 2000w\" sizes=\"(max-width: 300px) 100vw, 300px\" \/><\/a><a href=\"http:\/\/www.videoworx.at\/wp-content\/uploads\/2023\/01\/232b6fbc-dcab-4ba2-b3c5-a2cc743d2bc8.jpg\"><img loading=\"lazy\" decoding=\"async\" class=\"alignnone size-medium wp-image-783\" src=\"http:\/\/www.videoworx.at\/wp-content\/uploads\/2023\/01\/232b6fbc-dcab-4ba2-b3c5-a2cc743d2bc8-300x225.jpg\" alt=\"\" width=\"300\" height=\"225\" srcset=\"https:\/\/www.videoworx.at\/wp-content\/uploads\/2023\/01\/232b6fbc-dcab-4ba2-b3c5-a2cc743d2bc8-300x225.jpg 300w, https:\/\/www.videoworx.at\/wp-content\/uploads\/2023\/01\/232b6fbc-dcab-4ba2-b3c5-a2cc743d2bc8-768x576.jpg 768w, https:\/\/www.videoworx.at\/wp-content\/uploads\/2023\/01\/232b6fbc-dcab-4ba2-b3c5-a2cc743d2bc8.jpg 1024w\" sizes=\"(max-width: 300px) 100vw, 300px\" \/><\/a>__________________________________________________<\/h3>\n<p><!--more--><\/p>\n<h3>Luftaufnahmen:<\/h3>\n<p>Die Welt von oben.\u00a0\u00a0Aus der \u00a0Vogelperspektive besteht die M\u00f6glichkeit, ein Objekt in seiner Ganzheit darzustellen.\u00a0(Architektur, Industrie, Sport,\u2026)\u00a0<a title=\"Encoder\" href=\"http:\/\/de.wikipedia.org\/wiki\/Encoder\"><br \/>\n<\/a><\/p>\n<h3>__________________________________________________<\/h3>\n<h3>Verleih:<\/h3>\n<p>Profi Equipment zu fairen Preisen.\u00a0Wir verleihen Beamer, Leinw\u00e4nde, HD Liveanlagen, Camcorder\u00a0uvm.\u00a0Auf Wunsch wird die komplette Anlage auch vor Ort\u00a0installiert, eingeschult und betreut.<\/p>\n<p><a href=\"http:\/\/www.videoworx.at\/wp-content\/uploads\/2014\/02\/dji2.jpg\"><img loading=\"lazy\" decoding=\"async\" class=\"alignnone wp-image-309\" src=\"http:\/\/www.videoworx.at\/wp-content\/uploads\/2014\/02\/dji2-320x174.jpg\" alt=\"\" width=\"184\" height=\"100\" srcset=\"https:\/\/www.videoworx.at\/wp-content\/uploads\/2014\/02\/dji2-320x174.jpg 320w, https:\/\/www.videoworx.at\/wp-content\/uploads\/2014\/02\/dji2-540x293.jpg 540w, https:\/\/www.videoworx.at\/wp-content\/uploads\/2014\/02\/dji2.jpg 588w\" sizes=\"(max-width: 184px) 100vw, 184px\" \/><\/a> <a href=\"http:\/\/www.videoworx.at\/wp-content\/uploads\/2014\/02\/Kontroler.jpg\"><img loading=\"lazy\" decoding=\"async\" class=\"alignnone wp-image-274\" src=\"http:\/\/www.videoworx.at\/wp-content\/uploads\/2014\/02\/Kontroler-320x134.jpg\" alt=\"\" width=\"217\" height=\"91\" srcset=\"https:\/\/www.videoworx.at\/wp-content\/uploads\/2014\/02\/Kontroler-320x134.jpg 320w, https:\/\/www.videoworx.at\/wp-content\/uploads\/2014\/02\/Kontroler.jpg 528w\" sizes=\"(max-width: 217px) 100vw, 217px\" \/><\/a> <a href=\"http:\/\/www.videoworx.at\/wp-content\/uploads\/2014\/02\/Z-panasonic-gh3-ang-right-s.jpg\"><img loading=\"lazy\" decoding=\"async\" class=\"alignnone wp-image-277\" src=\"http:\/\/www.videoworx.at\/wp-content\/uploads\/2014\/02\/Z-panasonic-gh3-ang-right-s-320x246.jpg\" alt=\"\" width=\"142\" height=\"109\" srcset=\"https:\/\/www.videoworx.at\/wp-content\/uploads\/2014\/02\/Z-panasonic-gh3-ang-right-s-320x246.jpg 320w, https:\/\/www.videoworx.at\/wp-content\/uploads\/2014\/02\/Z-panasonic-gh3-ang-right-s.jpg 400w\" sizes=\"(max-width: 142px) 100vw, 142px\" \/><\/a>\u00a0\u00a0<a href=\"http:\/\/www.videoworx.at\/wp-content\/uploads\/2014\/02\/walimex-pro-video-rig-set-advanced-ii_56098.jpg\"><img loading=\"lazy\" decoding=\"async\" class=\"alignnone wp-image-287\" src=\"http:\/\/www.videoworx.at\/wp-content\/uploads\/2014\/02\/walimex-pro-video-rig-set-advanced-ii_56098-320x320.jpg\" alt=\"\" width=\"106\" height=\"106\" srcset=\"https:\/\/www.videoworx.at\/wp-content\/uploads\/2014\/02\/walimex-pro-video-rig-set-advanced-ii_56098-320x320.jpg 320w, https:\/\/www.videoworx.at\/wp-content\/uploads\/2014\/02\/walimex-pro-video-rig-set-advanced-ii_56098-150x150.jpg 150w, https:\/\/www.videoworx.at\/wp-content\/uploads\/2014\/02\/walimex-pro-video-rig-set-advanced-ii_56098-50x50.jpg 50w, https:\/\/www.videoworx.at\/wp-content\/uploads\/2014\/02\/walimex-pro-video-rig-set-advanced-ii_56098.jpg 400w\" sizes=\"(max-width: 106px) 100vw, 106px\" \/><\/a><\/p>\n<h3>__________________________________________________<\/h3>\n<h3>Digitalisierung:<\/h3>\n<p>Mit der Zeit verschlechtert sich die Bildqualit\u00e4t von Videob\u00e4ndern.\u00a0Wir \u00fcberspielen Ihre alten Videob\u00e4nder wie z.B. Super 8, VHS, HI-8, DIGITAL-8 oder Mini-DV auf Festplatte oder DVD.<\/p>\n<p><a href=\"http:\/\/www.videoworx.at\/wp-content\/uploads\/2018\/03\/Alte-B\u00e4nder-ohne-text.jpg\"><img loading=\"lazy\" decoding=\"async\" class=\"alignnone  wp-image-411\" src=\"http:\/\/www.videoworx.at\/wp-content\/uploads\/2018\/03\/Alte-B\u00e4nder-ohne-text-320x187.jpg\" alt=\"\" width=\"262\" height=\"153\" srcset=\"https:\/\/www.videoworx.at\/wp-content\/uploads\/2018\/03\/Alte-B\u00e4nder-ohne-text-320x187.jpg 320w, https:\/\/www.videoworx.at\/wp-content\/uploads\/2018\/03\/Alte-B\u00e4nder-ohne-text-768x449.jpg 768w, https:\/\/www.videoworx.at\/wp-content\/uploads\/2018\/03\/Alte-B\u00e4nder-ohne-text-1024x599.jpg 1024w, https:\/\/www.videoworx.at\/wp-content\/uploads\/2018\/03\/Alte-B\u00e4nder-ohne-text-540x316.jpg 540w\" sizes=\"(max-width: 262px) 100vw, 262px\" \/><\/a><\/p>\n","protected":false},"excerpt":{"rendered":"<p>Filmproduktion: Im Bereich Videoproduktion finden Sie in uns einen Partner, der Ihre Idee in Bild und Ton umsetzt!\u00a0Bewegte Bilder wirken, erkl\u00e4ren und bleiben in Erinnerung. __________________________________________________ Eventvisualisierung: Ihre Pr\u00e4sentationen, Filme abgemischt, mit Live-Video in bestechender HD Qualit\u00e4t.\u00a0Wir \u00fcbertragen Ihr Event auf Gro\u00dfleinwand, mit bis zu 9 Kameras, zuspielen von Videoclips, PowerPoint usw. __________________________________________________ Livestream: Das [&hellip;]<\/p>\n","protected":false},"author":1,"featured_media":0,"parent":0,"menu_order":3,"comment_status":"closed","ping_status":"closed","template":"","meta":{"footnotes":""},"class_list":["post-64","page","type-page","status-publish","hentry"],"yoast_head":"<!-- This site is optimized with the Yoast SEO plugin v24.7 - https:\/\/yoast.com\/wordpress\/plugins\/seo\/ -->\n<title>Leistungen -<\/title>\n<meta name=\"robots\" content=\"index, follow, max-snippet:-1, max-image-preview:large, max-video-preview:-1\" \/>\n<link rel=\"canonical\" href=\"https:\/\/www.videoworx.at\/?page_id=64\" \/>\n<meta property=\"og:locale\" content=\"de_DE\" \/>\n<meta property=\"og:type\" content=\"article\" \/>\n<meta property=\"og:title\" content=\"Leistungen -\" \/>\n<meta property=\"og:description\" content=\"Filmproduktion: Im Bereich Videoproduktion finden Sie in uns einen Partner, der Ihre Idee in Bild und Ton umsetzt!\u00a0Bewegte Bilder wirken, erkl\u00e4ren und bleiben in Erinnerung. __________________________________________________ Eventvisualisierung: Ihre Pr\u00e4sentationen, Filme abgemischt, mit Live-Video in bestechender HD Qualit\u00e4t.\u00a0Wir \u00fcbertragen Ihr Event auf Gro\u00dfleinwand, mit bis zu 9 Kameras, zuspielen von Videoclips, PowerPoint usw. __________________________________________________ Livestream: Das [&hellip;]\" \/>\n<meta property=\"og:url\" content=\"https:\/\/www.videoworx.at\/?page_id=64\" \/>\n<meta property=\"article:modified_time\" content=\"2023-04-14T14:53:53+00:00\" \/>\n<meta property=\"og:image\" content=\"http:\/\/www.videoworx.at\/wp-content\/uploads\/2023\/01\/C137A2B5-8D67-4206-8162-0426F17D3579-e1672868930946-165x300.jpg\" \/>\n<meta name=\"twitter:card\" content=\"summary_large_image\" \/>\n<meta name=\"twitter:label1\" content=\"Gesch\u00e4tzte Lesezeit\" \/>\n\t<meta name=\"twitter:data1\" content=\"1\u00a0Minute\" \/>\n<script type=\"application\/ld+json\" class=\"yoast-schema-graph\">{\"@context\":\"https:\/\/schema.org\",\"@graph\":[{\"@type\":\"WebPage\",\"@id\":\"https:\/\/www.videoworx.at\/?page_id=64\",\"url\":\"https:\/\/www.videoworx.at\/?page_id=64\",\"name\":\"Leistungen -\",\"isPartOf\":{\"@id\":\"http:\/\/www.videoworx.at\/#website\"},\"primaryImageOfPage\":{\"@id\":\"https:\/\/www.videoworx.at\/?page_id=64#primaryimage\"},\"image\":{\"@id\":\"https:\/\/www.videoworx.at\/?page_id=64#primaryimage\"},\"thumbnailUrl\":\"http:\/\/www.videoworx.at\/wp-content\/uploads\/2023\/01\/C137A2B5-8D67-4206-8162-0426F17D3579-e1672868930946-165x300.jpg\",\"datePublished\":\"2013-11-04T21:09:28+00:00\",\"dateModified\":\"2023-04-14T14:53:53+00:00\",\"breadcrumb\":{\"@id\":\"https:\/\/www.videoworx.at\/?page_id=64#breadcrumb\"},\"inLanguage\":\"de\",\"potentialAction\":[{\"@type\":\"ReadAction\",\"target\":[\"https:\/\/www.videoworx.at\/?page_id=64\"]}]},{\"@type\":\"ImageObject\",\"inLanguage\":\"de\",\"@id\":\"https:\/\/www.videoworx.at\/?page_id=64#primaryimage\",\"url\":\"https:\/\/www.videoworx.at\/wp-content\/uploads\/2023\/01\/C137A2B5-8D67-4206-8162-0426F17D3579-e1672868930946.jpg\",\"contentUrl\":\"https:\/\/www.videoworx.at\/wp-content\/uploads\/2023\/01\/C137A2B5-8D67-4206-8162-0426F17D3579-e1672868930946.jpg\",\"width\":790,\"height\":1438},{\"@type\":\"BreadcrumbList\",\"@id\":\"https:\/\/www.videoworx.at\/?page_id=64#breadcrumb\",\"itemListElement\":[{\"@type\":\"ListItem\",\"position\":1,\"name\":\"Startseite\",\"item\":\"http:\/\/www.videoworx.at\/\"},{\"@type\":\"ListItem\",\"position\":2,\"name\":\"Leistungen\"}]},{\"@type\":\"WebSite\",\"@id\":\"http:\/\/www.videoworx.at\/#website\",\"url\":\"http:\/\/www.videoworx.at\/\",\"name\":\"\",\"description\":\"\",\"publisher\":{\"@id\":\"http:\/\/www.videoworx.at\/#organization\"},\"potentialAction\":[{\"@type\":\"SearchAction\",\"target\":{\"@type\":\"EntryPoint\",\"urlTemplate\":\"http:\/\/www.videoworx.at\/?s={search_term_string}\"},\"query-input\":{\"@type\":\"PropertyValueSpecification\",\"valueRequired\":true,\"valueName\":\"search_term_string\"}}],\"inLanguage\":\"de\"},{\"@type\":\"Organization\",\"@id\":\"http:\/\/www.videoworx.at\/#organization\",\"name\":\"\",\"url\":\"http:\/\/www.videoworx.at\/\",\"logo\":{\"@type\":\"ImageObject\",\"inLanguage\":\"de\",\"@id\":\"http:\/\/www.videoworx.at\/#\/schema\/logo\/image\/\",\"url\":\"https:\/\/www.videoworx.at\/wp-content\/uploads\/2022\/12\/cropped-VideoWorks-klein.png\",\"contentUrl\":\"https:\/\/www.videoworx.at\/wp-content\/uploads\/2022\/12\/cropped-VideoWorks-klein.png\",\"width\":2167,\"height\":350,\"caption\":\" \"},\"image\":{\"@id\":\"http:\/\/www.videoworx.at\/#\/schema\/logo\/image\/\"}}]}<\/script>\n<!-- \/ Yoast SEO plugin. -->","yoast_head_json":{"title":"Leistungen -","robots":{"index":"index","follow":"follow","max-snippet":"max-snippet:-1","max-image-preview":"max-image-preview:large","max-video-preview":"max-video-preview:-1"},"canonical":"https:\/\/www.videoworx.at\/?page_id=64","og_locale":"de_DE","og_type":"article","og_title":"Leistungen -","og_description":"Filmproduktion: Im Bereich Videoproduktion finden Sie in uns einen Partner, der Ihre Idee in Bild und Ton umsetzt!\u00a0Bewegte Bilder wirken, erkl\u00e4ren und bleiben in Erinnerung. __________________________________________________ Eventvisualisierung: Ihre Pr\u00e4sentationen, Filme abgemischt, mit Live-Video in bestechender HD Qualit\u00e4t.\u00a0Wir \u00fcbertragen Ihr Event auf Gro\u00dfleinwand, mit bis zu 9 Kameras, zuspielen von Videoclips, PowerPoint usw. __________________________________________________ Livestream: Das [&hellip;]","og_url":"https:\/\/www.videoworx.at\/?page_id=64","article_modified_time":"2023-04-14T14:53:53+00:00","og_image":[{"url":"http:\/\/www.videoworx.at\/wp-content\/uploads\/2023\/01\/C137A2B5-8D67-4206-8162-0426F17D3579-e1672868930946-165x300.jpg","type":"","width":"","height":""}],"twitter_card":"summary_large_image","twitter_misc":{"Gesch\u00e4tzte Lesezeit":"1\u00a0Minute"},"schema":{"@context":"https:\/\/schema.org","@graph":[{"@type":"WebPage","@id":"https:\/\/www.videoworx.at\/?page_id=64","url":"https:\/\/www.videoworx.at\/?page_id=64","name":"Leistungen -","isPartOf":{"@id":"http:\/\/www.videoworx.at\/#website"},"primaryImageOfPage":{"@id":"https:\/\/www.videoworx.at\/?page_id=64#primaryimage"},"image":{"@id":"https:\/\/www.videoworx.at\/?page_id=64#primaryimage"},"thumbnailUrl":"http:\/\/www.videoworx.at\/wp-content\/uploads\/2023\/01\/C137A2B5-8D67-4206-8162-0426F17D3579-e1672868930946-165x300.jpg","datePublished":"2013-11-04T21:09:28+00:00","dateModified":"2023-04-14T14:53:53+00:00","breadcrumb":{"@id":"https:\/\/www.videoworx.at\/?page_id=64#breadcrumb"},"inLanguage":"de","potentialAction":[{"@type":"ReadAction","target":["https:\/\/www.videoworx.at\/?page_id=64"]}]},{"@type":"ImageObject","inLanguage":"de","@id":"https:\/\/www.videoworx.at\/?page_id=64#primaryimage","url":"https:\/\/www.videoworx.at\/wp-content\/uploads\/2023\/01\/C137A2B5-8D67-4206-8162-0426F17D3579-e1672868930946.jpg","contentUrl":"https:\/\/www.videoworx.at\/wp-content\/uploads\/2023\/01\/C137A2B5-8D67-4206-8162-0426F17D3579-e1672868930946.jpg","width":790,"height":1438},{"@type":"BreadcrumbList","@id":"https:\/\/www.videoworx.at\/?page_id=64#breadcrumb","itemListElement":[{"@type":"ListItem","position":1,"name":"Startseite","item":"http:\/\/www.videoworx.at\/"},{"@type":"ListItem","position":2,"name":"Leistungen"}]},{"@type":"WebSite","@id":"http:\/\/www.videoworx.at\/#website","url":"http:\/\/www.videoworx.at\/","name":"","description":"","publisher":{"@id":"http:\/\/www.videoworx.at\/#organization"},"potentialAction":[{"@type":"SearchAction","target":{"@type":"EntryPoint","urlTemplate":"http:\/\/www.videoworx.at\/?s={search_term_string}"},"query-input":{"@type":"PropertyValueSpecification","valueRequired":true,"valueName":"search_term_string"}}],"inLanguage":"de"},{"@type":"Organization","@id":"http:\/\/www.videoworx.at\/#organization","name":"","url":"http:\/\/www.videoworx.at\/","logo":{"@type":"ImageObject","inLanguage":"de","@id":"http:\/\/www.videoworx.at\/#\/schema\/logo\/image\/","url":"https:\/\/www.videoworx.at\/wp-content\/uploads\/2022\/12\/cropped-VideoWorks-klein.png","contentUrl":"https:\/\/www.videoworx.at\/wp-content\/uploads\/2022\/12\/cropped-VideoWorks-klein.png","width":2167,"height":350,"caption":" "},"image":{"@id":"http:\/\/www.videoworx.at\/#\/schema\/logo\/image\/"}}]}},"jetpack_sharing_enabled":true,"_links":{"self":[{"href":"https:\/\/www.videoworx.at\/index.php?rest_route=\/wp\/v2\/pages\/64"}],"collection":[{"href":"https:\/\/www.videoworx.at\/index.php?rest_route=\/wp\/v2\/pages"}],"about":[{"href":"https:\/\/www.videoworx.at\/index.php?rest_route=\/wp\/v2\/types\/page"}],"author":[{"embeddable":true,"href":"https:\/\/www.videoworx.at\/index.php?rest_route=\/wp\/v2\/users\/1"}],"replies":[{"embeddable":true,"href":"https:\/\/www.videoworx.at\/index.php?rest_route=%2Fwp%2Fv2%2Fcomments&post=64"}],"version-history":[{"count":80,"href":"https:\/\/www.videoworx.at\/index.php?rest_route=\/wp\/v2\/pages\/64\/revisions"}],"predecessor-version":[{"id":1223,"href":"https:\/\/www.videoworx.at\/index.php?rest_route=\/wp\/v2\/pages\/64\/revisions\/1223"}],"wp:attachment":[{"href":"https:\/\/www.videoworx.at\/index.php?rest_route=%2Fwp%2Fv2%2Fmedia&parent=64"}],"curies":[{"name":"wp","href":"https:\/\/api.w.org\/{rel}","templated":true}]}}