{"id":571,"date":"2020-10-10T15:36:02","date_gmt":"2020-10-10T13:36:02","guid":{"rendered":"http:\/\/www.videoworx.at\/?page_id=571"},"modified":"2020-10-10T15:36:02","modified_gmt":"2020-10-10T13:36:02","slug":"impressum","status":"publish","type":"page","link":"https:\/\/www.videoworx.at\/?page_id=571","title":{"rendered":"Impressum"},"content":{"rendered":"\n<p>\u00a92012 Videoworx \/ Klaus Eichhorner Videoproduktion<\/p>\n\n\n\n<p>\u00a92012 Videoworx<br>Lehenweg 15<br>A-6833 Weiler<br>Mobil: 0043 (0) 660 6522361<\/p>\n\n\n\n<p>info@videoworx.at<\/p>\n\n\n\n<p>ATU67507904<\/p>\n\n\n\n<p>\u00a9Copyright 2012 Videoworx<br>Alle Rechte vorbehalten. S\u00e4mtliche Texte, Bilder, Grafiken, Video-, Animations- und Sounddateien sowie<br>ihre Arrangements unterliegen dem Urheberrecht und anderen Gesetzen zum Schutz geistigen Eigentums.<br>Sie, sowie der Inhalt dieser Webseiten, d\u00fcrfen weder f\u00fcr gewerbliche oder kommerzielle Zwecke noch zur Weitergabe kopiert, ver\u00e4ndert und auf anderen Webseiten verwendet werden.<\/p>\n\n\n\n<p>Wir weisen darauf hin, da\u00df diese Webseite Bilder enthalten, die urheberrechtlich gesch\u00fctzt sind.<br>Alle auf den Webseite erscheinenden Marken und Markenzeichen d\u00fcrfen nur mit der ausdr\u00fccklichen<br>Zustimmung von Videoworx oder des jeweiligen Markeninhabers verwendet werden.<\/p>\n\n\n\n<p><strong>Datenschutz<\/strong><br>Unsere Datenschutzerkl\u00e4rung finden sie&nbsp;<a href=\"http:\/\/www.videoworx.at\/?page_id=525\" target=\"_blank\" rel=\"noreferrer noopener\">HIER<\/a>.<\/p>\n","protected":false},"excerpt":{"rendered":"<p>\u00a92012 Videoworx \/ Klaus Eichhorner Videoproduktion \u00a92012 VideoworxLehenweg 15A-6833 WeilerMobil: 0043 (0) 660 6522361 info@videoworx.at ATU67507904 \u00a9Copyright 2012 VideoworxAlle Rechte vorbehalten. S\u00e4mtliche Texte, Bilder, Grafiken, Video-, Animations- und Sounddateien sowieihre Arrangements unterliegen dem Urheberrecht und anderen Gesetzen zum Schutz geistigen Eigentums.Sie, sowie der Inhalt dieser Webseiten, d\u00fcrfen weder f\u00fcr gewerbliche oder kommerzielle Zwecke noch zur [&hellip;]<\/p>\n","protected":false},"author":1,"featured_media":0,"parent":30,"menu_order":0,"comment_status":"closed","ping_status":"closed","template":"","meta":{"footnotes":""},"class_list":["post-571","page","type-page","status-publish","hentry"],"yoast_head":"<!-- This site is optimized with the Yoast SEO plugin v24.7 - https:\/\/yoast.com\/wordpress\/plugins\/seo\/ -->\n<title>Impressum -<\/title>\n<meta name=\"robots\" content=\"index, follow, max-snippet:-1, max-image-preview:large, max-video-preview:-1\" \/>\n<link rel=\"canonical\" href=\"https:\/\/www.videoworx.at\/?page_id=571\" \/>\n<meta property=\"og:locale\" content=\"de_DE\" \/>\n<meta property=\"og:type\" content=\"article\" \/>\n<meta property=\"og:title\" content=\"Impressum -\" \/>\n<meta property=\"og:description\" content=\"\u00a92012 Videoworx \/ Klaus Eichhorner Videoproduktion \u00a92012 VideoworxLehenweg 15A-6833 WeilerMobil: 0043 (0) 660 6522361 info@videoworx.at ATU67507904 \u00a9Copyright 2012 VideoworxAlle Rechte vorbehalten. S\u00e4mtliche Texte, Bilder, Grafiken, Video-, Animations- und Sounddateien sowieihre Arrangements unterliegen dem Urheberrecht und anderen Gesetzen zum Schutz geistigen Eigentums.Sie, sowie der Inhalt dieser Webseiten, d\u00fcrfen weder f\u00fcr gewerbliche oder kommerzielle Zwecke noch zur [&hellip;]\" \/>\n<meta property=\"og:url\" content=\"https:\/\/www.videoworx.at\/?page_id=571\" \/>\n<meta name=\"twitter:card\" content=\"summary_large_image\" \/>\n<meta name=\"twitter:label1\" content=\"Gesch\u00e4tzte Lesezeit\" \/>\n\t<meta name=\"twitter:data1\" content=\"1\u00a0Minute\" \/>\n<script type=\"application\/ld+json\" class=\"yoast-schema-graph\">{\"@context\":\"https:\/\/schema.org\",\"@graph\":[{\"@type\":\"WebPage\",\"@id\":\"https:\/\/www.videoworx.at\/?page_id=571\",\"url\":\"https:\/\/www.videoworx.at\/?page_id=571\",\"name\":\"Impressum -\",\"isPartOf\":{\"@id\":\"http:\/\/www.videoworx.at\/#website\"},\"datePublished\":\"2020-10-10T13:36:02+00:00\",\"breadcrumb\":{\"@id\":\"https:\/\/www.videoworx.at\/?page_id=571#breadcrumb\"},\"inLanguage\":\"de\",\"potentialAction\":[{\"@type\":\"ReadAction\",\"target\":[\"https:\/\/www.videoworx.at\/?page_id=571\"]}]},{\"@type\":\"BreadcrumbList\",\"@id\":\"https:\/\/www.videoworx.at\/?page_id=571#breadcrumb\",\"itemListElement\":[{\"@type\":\"ListItem\",\"position\":1,\"name\":\"Startseite\",\"item\":\"http:\/\/www.videoworx.at\/\"},{\"@type\":\"ListItem\",\"position\":2,\"name\":\"Impressum\",\"item\":\"http:\/\/www.videoworx.at\/?page_id=30\"},{\"@type\":\"ListItem\",\"position\":3,\"name\":\"Impressum\"}]},{\"@type\":\"WebSite\",\"@id\":\"http:\/\/www.videoworx.at\/#website\",\"url\":\"http:\/\/www.videoworx.at\/\",\"name\":\"\",\"description\":\"\",\"publisher\":{\"@id\":\"http:\/\/www.videoworx.at\/#organization\"},\"potentialAction\":[{\"@type\":\"SearchAction\",\"target\":{\"@type\":\"EntryPoint\",\"urlTemplate\":\"http:\/\/www.videoworx.at\/?s={search_term_string}\"},\"query-input\":{\"@type\":\"PropertyValueSpecification\",\"valueRequired\":true,\"valueName\":\"search_term_string\"}}],\"inLanguage\":\"de\"},{\"@type\":\"Organization\",\"@id\":\"http:\/\/www.videoworx.at\/#organization\",\"name\":\"\",\"url\":\"http:\/\/www.videoworx.at\/\",\"logo\":{\"@type\":\"ImageObject\",\"inLanguage\":\"de\",\"@id\":\"http:\/\/www.videoworx.at\/#\/schema\/logo\/image\/\",\"url\":\"https:\/\/www.videoworx.at\/wp-content\/uploads\/2022\/12\/cropped-VideoWorks-klein.png\",\"contentUrl\":\"https:\/\/www.videoworx.at\/wp-content\/uploads\/2022\/12\/cropped-VideoWorks-klein.png\",\"width\":2167,\"height\":350,\"caption\":\" \"},\"image\":{\"@id\":\"http:\/\/www.videoworx.at\/#\/schema\/logo\/image\/\"}}]}<\/script>\n<!-- \/ Yoast SEO plugin. -->","yoast_head_json":{"title":"Impressum -","robots":{"index":"index","follow":"follow","max-snippet":"max-snippet:-1","max-image-preview":"max-image-preview:large","max-video-preview":"max-video-preview:-1"},"canonical":"https:\/\/www.videoworx.at\/?page_id=571","og_locale":"de_DE","og_type":"article","og_title":"Impressum -","og_description":"\u00a92012 Videoworx \/ Klaus Eichhorner Videoproduktion \u00a92012 VideoworxLehenweg 15A-6833 WeilerMobil: 0043 (0) 660 6522361 info@videoworx.at ATU67507904 \u00a9Copyright 2012 VideoworxAlle Rechte vorbehalten. S\u00e4mtliche Texte, Bilder, Grafiken, Video-, Animations- und Sounddateien sowieihre Arrangements unterliegen dem Urheberrecht und anderen Gesetzen zum Schutz geistigen Eigentums.Sie, sowie der Inhalt dieser Webseiten, d\u00fcrfen weder f\u00fcr gewerbliche oder kommerzielle Zwecke noch zur [&hellip;]","og_url":"https:\/\/www.videoworx.at\/?page_id=571","twitter_card":"summary_large_image","twitter_misc":{"Gesch\u00e4tzte Lesezeit":"1\u00a0Minute"},"schema":{"@context":"https:\/\/schema.org","@graph":[{"@type":"WebPage","@id":"https:\/\/www.videoworx.at\/?page_id=571","url":"https:\/\/www.videoworx.at\/?page_id=571","name":"Impressum -","isPartOf":{"@id":"http:\/\/www.videoworx.at\/#website"},"datePublished":"2020-10-10T13:36:02+00:00","breadcrumb":{"@id":"https:\/\/www.videoworx.at\/?page_id=571#breadcrumb"},"inLanguage":"de","potentialAction":[{"@type":"ReadAction","target":["https:\/\/www.videoworx.at\/?page_id=571"]}]},{"@type":"BreadcrumbList","@id":"https:\/\/www.videoworx.at\/?page_id=571#breadcrumb","itemListElement":[{"@type":"ListItem","position":1,"name":"Startseite","item":"http:\/\/www.videoworx.at\/"},{"@type":"ListItem","position":2,"name":"Impressum","item":"http:\/\/www.videoworx.at\/?page_id=30"},{"@type":"ListItem","position":3,"name":"Impressum"}]},{"@type":"WebSite","@id":"http:\/\/www.videoworx.at\/#website","url":"http:\/\/www.videoworx.at\/","name":"","description":"","publisher":{"@id":"http:\/\/www.videoworx.at\/#organization"},"potentialAction":[{"@type":"SearchAction","target":{"@type":"EntryPoint","urlTemplate":"http:\/\/www.videoworx.at\/?s={search_term_string}"},"query-input":{"@type":"PropertyValueSpecification","valueRequired":true,"valueName":"search_term_string"}}],"inLanguage":"de"},{"@type":"Organization","@id":"http:\/\/www.videoworx.at\/#organization","name":"","url":"http:\/\/www.videoworx.at\/","logo":{"@type":"ImageObject","inLanguage":"de","@id":"http:\/\/www.videoworx.at\/#\/schema\/logo\/image\/","url":"https:\/\/www.videoworx.at\/wp-content\/uploads\/2022\/12\/cropped-VideoWorks-klein.png","contentUrl":"https:\/\/www.videoworx.at\/wp-content\/uploads\/2022\/12\/cropped-VideoWorks-klein.png","width":2167,"height":350,"caption":" "},"image":{"@id":"http:\/\/www.videoworx.at\/#\/schema\/logo\/image\/"}}]}},"jetpack_sharing_enabled":true,"_links":{"self":[{"href":"https:\/\/www.videoworx.at\/index.php?rest_route=\/wp\/v2\/pages\/571"}],"collection":[{"href":"https:\/\/www.videoworx.at\/index.php?rest_route=\/wp\/v2\/pages"}],"about":[{"href":"https:\/\/www.videoworx.at\/index.php?rest_route=\/wp\/v2\/types\/page"}],"author":[{"embeddable":true,"href":"https:\/\/www.videoworx.at\/index.php?rest_route=\/wp\/v2\/users\/1"}],"replies":[{"embeddable":true,"href":"https:\/\/www.videoworx.at\/index.php?rest_route=%2Fwp%2Fv2%2Fcomments&post=571"}],"version-history":[{"count":1,"href":"https:\/\/www.videoworx.at\/index.php?rest_route=\/wp\/v2\/pages\/571\/revisions"}],"predecessor-version":[{"id":572,"href":"https:\/\/www.videoworx.at\/index.php?rest_route=\/wp\/v2\/pages\/571\/revisions\/572"}],"up":[{"embeddable":true,"href":"https:\/\/www.videoworx.at\/index.php?rest_route=\/wp\/v2\/pages\/30"}],"wp:attachment":[{"href":"https:\/\/www.videoworx.at\/index.php?rest_route=%2Fwp%2Fv2%2Fmedia&parent=571"}],"curies":[{"name":"wp","href":"https:\/\/api.w.org\/{rel}","templated":true}]}}