{"id":495,"date":"2019-09-05T19:41:09","date_gmt":"2019-09-05T17:41:09","guid":{"rendered":"http:\/\/www.videoworx.at\/?page_id=495"},"modified":"2023-01-05T13:32:33","modified_gmt":"2023-01-05T12:32:33","slug":"event-live-equipmentverleih","status":"publish","type":"page","link":"https:\/\/www.videoworx.at\/?page_id=495","title":{"rendered":"EVENT \u2013 LIVE  \/ Equipmentverleih"},"content":{"rendered":"\n<p>__________________________________________________________________________________________<\/p>\n\n\n\n<p><strong>Videomischer:<\/strong><\/p>\n\n\n\n<p>ATEM &nbsp;Studio HD \/ 4K &nbsp;Video Mischer im Case, inkl. Monitor<\/p>\n\n\n\n<figure class=\"wp-block-image size-full is-resized\"><a href=\"http:\/\/www.videoworx.at\/wp-content\/uploads\/2022\/02\/Bildschirmfoto-2022-02-16-um-21.05.40.png\"><img loading=\"lazy\" decoding=\"async\" src=\"http:\/\/www.videoworx.at\/wp-content\/uploads\/2022\/02\/Bildschirmfoto-2022-02-16-um-21.05.40.png\" alt=\"\" class=\"wp-image-610\" width=\"320\" height=\"389\" srcset=\"https:\/\/www.videoworx.at\/wp-content\/uploads\/2022\/02\/Bildschirmfoto-2022-02-16-um-21.05.40.png 626w, https:\/\/www.videoworx.at\/wp-content\/uploads\/2022\/02\/Bildschirmfoto-2022-02-16-um-21.05.40-320x390.png 320w, https:\/\/www.videoworx.at\/wp-content\/uploads\/2022\/02\/Bildschirmfoto-2022-02-16-um-21.05.40-540x657.png 540w\" sizes=\"(max-width: 320px) 100vw, 320px\" \/><\/a><\/figure>\n\n\n\n<p>Verleih pro Tag \u20ac 250,00 +&nbsp;Mwst.<\/p>\n\n\n\n<p>__________________________________________________________________________________________<\/p>\n\n\n\n<p><strong>Instant Replay:<\/strong><\/p>\n\n\n\n<p>Datavideo Replay 1 Kanal System<\/p>\n\n\n\n<figure class=\"wp-block-image\"><a href=\"http:\/\/www.videoworx.at\/wp-content\/uploads\/2019\/05\/Bildschirmfoto-2019-05-28-um-17.00.58-1.png\"><img loading=\"lazy\" decoding=\"async\" width=\"320\" height=\"168\" src=\"http:\/\/www.videoworx.at\/wp-content\/uploads\/2019\/05\/Bildschirmfoto-2019-05-28-um-17.00.58-1-320x168.png\" alt=\"\" class=\"wp-image-458\" srcset=\"https:\/\/www.videoworx.at\/wp-content\/uploads\/2019\/05\/Bildschirmfoto-2019-05-28-um-17.00.58-1-320x168.png 320w, https:\/\/www.videoworx.at\/wp-content\/uploads\/2019\/05\/Bildschirmfoto-2019-05-28-um-17.00.58-1-768x403.png 768w, https:\/\/www.videoworx.at\/wp-content\/uploads\/2019\/05\/Bildschirmfoto-2019-05-28-um-17.00.58-1-1024x538.png 1024w, https:\/\/www.videoworx.at\/wp-content\/uploads\/2019\/05\/Bildschirmfoto-2019-05-28-um-17.00.58-1-540x284.png 540w, https:\/\/www.videoworx.at\/wp-content\/uploads\/2019\/05\/Bildschirmfoto-2019-05-28-um-17.00.58-1.png 1167w\" sizes=\"(max-width: 320px) 100vw, 320px\" \/><\/a><\/figure>\n\n\n\n<figure class=\"wp-block-image\"><a href=\"http:\/\/www.videoworx.at\/wp-content\/uploads\/2019\/05\/Bildschirmfoto-2019-05-28-um-17.01.28.png\"><img loading=\"lazy\" decoding=\"async\" width=\"320\" height=\"169\" src=\"http:\/\/www.videoworx.at\/wp-content\/uploads\/2019\/05\/Bildschirmfoto-2019-05-28-um-17.01.28-320x169.png\" alt=\"\" class=\"wp-image-459\" srcset=\"https:\/\/www.videoworx.at\/wp-content\/uploads\/2019\/05\/Bildschirmfoto-2019-05-28-um-17.01.28-320x169.png 320w, https:\/\/www.videoworx.at\/wp-content\/uploads\/2019\/05\/Bildschirmfoto-2019-05-28-um-17.01.28-768x405.png 768w, https:\/\/www.videoworx.at\/wp-content\/uploads\/2019\/05\/Bildschirmfoto-2019-05-28-um-17.01.28-1024x540.png 1024w, https:\/\/www.videoworx.at\/wp-content\/uploads\/2019\/05\/Bildschirmfoto-2019-05-28-um-17.01.28-540x285.png 540w, https:\/\/www.videoworx.at\/wp-content\/uploads\/2019\/05\/Bildschirmfoto-2019-05-28-um-17.01.28.png 1174w\" sizes=\"(max-width: 320px) 100vw, 320px\" \/><\/a><\/figure>\n\n\n\n<ul class=\"wp-block-list\">\n<li>Einzelkanal-Highlight-Wiedergabeeinheit Interner 4 GB (30 Sek.)<\/li>\n\n\n\n<li>Puffer zum Erfassen und \u00dcberpr\u00fcfen des Ereignisses 3G \/ HD-SDI-Eingang, Ausgang und Durchschleifen mit integriertem Audio Channel&nbsp;<\/li>\n\n\n\n<li>Aufnahmeformate: MOV Unterst\u00fctzt das NTFS-Format&nbsp;<\/li>\n<\/ul>\n\n\n\n<p>Verleih pro Tag \u20ac 100,00 +&nbsp;Mwst.<\/p>\n\n\n\n<p>__________________________________________________________________________________________<\/p>\n\n\n\n<p><strong>SDI Kabel:<\/strong><\/p>\n\n\n\n<p>HD SDI Videokabel 80m auf Rollen<\/p>\n\n\n\n<figure class=\"wp-block-image\"><a href=\"http:\/\/www.videoworx.at\/wp-content\/uploads\/2014\/02\/sdi.jpg\"><img loading=\"lazy\" decoding=\"async\" width=\"320\" height=\"219\" src=\"http:\/\/www.videoworx.at\/wp-content\/uploads\/2014\/02\/sdi-320x219.jpg\" alt=\"sdi\" class=\"wp-image-212\" srcset=\"https:\/\/www.videoworx.at\/wp-content\/uploads\/2014\/02\/sdi-320x219.jpg 320w, https:\/\/www.videoworx.at\/wp-content\/uploads\/2014\/02\/sdi-540x370.jpg 540w, https:\/\/www.videoworx.at\/wp-content\/uploads\/2014\/02\/sdi.jpg 665w\" sizes=\"(max-width: 320px) 100vw, 320px\" \/><\/a><\/figure>\n\n\n\n<p>Verleih 1 St\u00fcck pro Tag \u20ac 20,00 +&nbsp;Mwst.<\/p>\n\n\n\n<p>__________________________________________________________________________________________<\/p>\n\n\n\n<p><strong>Mini Converter:<\/strong><\/p>\n\n\n\n<p>HD SDI auf HDMI<\/p>\n\n\n\n<p>HD SDI auf analog<\/p>\n\n\n\n<p>HDMI auf SDI<\/p>\n\n\n\n<p>HD SDI Splitter<\/p>\n\n\n\n<p>Verleih 1 St\u00fcck pro Tag \u20ac 22,00&nbsp;+&nbsp;Mwst<\/p>\n\n\n\n<p><strong>_____________________________________________________________________________________<\/strong><\/p>\n\n\n\n<p><strong>Festplattenrecorder Atomos Ninja&nbsp;V:<\/strong><\/p>\n\n\n\n<p>Aufzeichnen bis zu 4Kp60 10bit HDR Video<\/p>\n\n\n\n<p><\/p>\n\n\n\n<p>Der Ninja V zeichnet HDR Video direkt vom Kamera Sensor, \u00fcber HDMI 2.0, in 4Kp60 mit bis zu 10bit Farbtiefe auf. Die Anwenderfreundlichen ProRes oder DNxHR-Files k\u00f6nnen direkt auf g\u00fcnstigen und schnellen SSDs aufgezeichnet werden. Auf eine 1TB SSD passen ca. 2.5h 4K-Material. Das erstaunlich helle 1000 nit, 5, 2 Zoll Display ist in einem schlanken (2, 5cm tief), leichten (320g) und sehr stabilem Aluminiumgeh\u00e4use verbaut. So l\u00e4sst er sich leicht an jedem Kamerarig befestigen. Das Ninja Display hat einen Dynamikumfang von 10 Blendenstufen direkt vom Log\/PQ\/HLG-Material. Mit dem kalibrierbaren anti-reflex Display hat man immer perfekte Kontrolle f\u00fcr seine Aufnahmen. An dem eingebauten, modularen Erweiterungs-Slot lassen sich Module f\u00fcr bi-direktionales high speed Video, f\u00fcr Audio und Stromversorgung anbringen. Das macht den Ninja V noch m\u00e4chtiger und universeller in seinen Einsatzm\u00f6glichkeiten.Eingangsspannung (Batterie) 6,2 V bis 16,8 V.<\/p>\n\n\n\n<p><\/p>\n\n\n\n<figure class=\"wp-block-image size-large is-resized\"><img loading=\"lazy\" decoding=\"async\" src=\"http:\/\/www.videoworx.at\/wp-content\/uploads\/2020\/09\/81NSLhUd2LL._AC_SY355_.jpg\" alt=\"\" class=\"wp-image-549\" width=\"403\" height=\"251\" srcset=\"https:\/\/www.videoworx.at\/wp-content\/uploads\/2020\/09\/81NSLhUd2LL._AC_SY355_.jpg 571w, https:\/\/www.videoworx.at\/wp-content\/uploads\/2020\/09\/81NSLhUd2LL._AC_SY355_-320x199.jpg 320w, https:\/\/www.videoworx.at\/wp-content\/uploads\/2020\/09\/81NSLhUd2LL._AC_SY355_-540x336.jpg 540w\" sizes=\"(max-width: 403px) 100vw, 403px\" \/><\/figure>\n\n\n\n<p>Verleih pro Tag \u20ac 70,00 +&nbsp;Mwst.<\/p>\n\n\n\n<p>__________________________________________________________________________________________<\/p>\n\n\n\n<h4 class=\"wp-block-heading\" id=\"ptz-kamera\">PTZ Kamera<strong>:<\/strong><\/h4>\n\n\n\n<ul class=\"wp-block-list\">\n<li>Weitwinkelobjektiv mit optischem 12-fach Zoom bis 71\u00b0Bildwinkel (4.4mm ~ 52.8mm, F1.8 ~ F2.6)<\/li>\n\n\n\n<li>1\/2,5 Zoll CMOS Sensor (8,51 Mio. Pixel)<\/li>\n\n\n\n<li>Speicherung von bis zu 255 Preset-Positionen und -Einstellungen<\/li>\n\n\n\n<li>Unterst\u00fctzt den Streaming-Standard NDI\u00ae|HX<\/li>\n\n\n\n<li>Unterst\u00fctzt alle Standard-Streamingprotokolle SRT, RTSP, RTMP, RTMPS<\/li>\n\n\n\n<li>Leistungsstarkes Videoencoding in H.265, H.264 &amp; MJPEG<\/li>\n\n\n\n<li>Simultane Ausgabe von 4K-Stream und niedriger aufgel\u00f6stem Sub-Stream<\/li>\n\n\n\n<li>Kompatibel mit Control Panel RM-LP100 \u00fcber JVC Steuerprotokoll und API<\/li>\n\n\n\n<li>3G-SDI und HDMI 2.0 (4K) Digitalausg\u00e4nge<\/li>\n\n\n\n<li>Fernbedienung via RS-232C \/ RS-485 oder via JVC IP-Protokoll<\/li>\n<\/ul>\n\n\n\n<h4 class=\"wp-block-heading\" id=\"1080i-50-1080p-720p-and-360p-video-with-2-channel-audio\">&nbsp;3840 x 2160\/&nbsp;29,97p\/25p\/23,98p,  1080i50, 1080p50 and 720p50<\/h4>\n\n\n\n<figure class=\"wp-block-image size-full is-resized\"><img loading=\"lazy\" decoding=\"async\" src=\"http:\/\/www.videoworx.at\/wp-content\/uploads\/2022\/10\/12317972-foto1-jpg.png.jpeg\" alt=\"\" class=\"wp-image-624\" width=\"245\" height=\"245\" srcset=\"https:\/\/www.videoworx.at\/wp-content\/uploads\/2022\/10\/12317972-foto1-jpg.png.jpeg 490w, https:\/\/www.videoworx.at\/wp-content\/uploads\/2022\/10\/12317972-foto1-jpg.png-320x320.jpeg 320w, https:\/\/www.videoworx.at\/wp-content\/uploads\/2022\/10\/12317972-foto1-jpg.png-150x150.jpeg 150w, https:\/\/www.videoworx.at\/wp-content\/uploads\/2022\/10\/12317972-foto1-jpg.png-50x50.jpeg 50w\" sizes=\"(max-width: 245px) 100vw, 245px\" \/><\/figure>\n\n\n\n<figure class=\"wp-block-image\"><a href=\"http:\/\/www.videoworx.at\/wp-content\/uploads\/2014\/02\/Kontroler.jpg\"><img loading=\"lazy\" decoding=\"async\" width=\"320\" height=\"134\" src=\"http:\/\/www.videoworx.at\/wp-content\/uploads\/2014\/02\/Kontroler-320x134.jpg\" alt=\"kontroler\" class=\"wp-image-274\" srcset=\"https:\/\/www.videoworx.at\/wp-content\/uploads\/2014\/02\/Kontroler-320x134.jpg 320w, https:\/\/www.videoworx.at\/wp-content\/uploads\/2014\/02\/Kontroler.jpg 528w\" sizes=\"(max-width: 320px) 100vw, 320px\" \/><\/a><\/figure>\n\n\n\n<p>Verleih pro Tag \u20ac 300,00&nbsp;+ Mwst<\/p>\n\n\n\n<p>Verleih nur mit Auf und Abbau von uns oder Operator! Preis auf anfrage.<\/p>\n\n\n\n<p><strong>_____________________________________________________________________________________<\/strong><\/p>\n","protected":false},"excerpt":{"rendered":"<p>__________________________________________________________________________________________ Videomischer: ATEM &nbsp;Studio HD \/ 4K &nbsp;Video Mischer im Case, inkl. Monitor Verleih pro Tag \u20ac 250,00 +&nbsp;Mwst. __________________________________________________________________________________________ Instant Replay: Datavideo Replay 1 Kanal System Verleih pro Tag \u20ac 100,00 +&nbsp;Mwst. __________________________________________________________________________________________ SDI Kabel: HD SDI Videokabel 80m auf Rollen Verleih 1 St\u00fcck pro Tag \u20ac 20,00 +&nbsp;Mwst. __________________________________________________________________________________________ Mini Converter: HD SDI [&hellip;]<\/p>\n","protected":false},"author":1,"featured_media":0,"parent":146,"menu_order":4,"comment_status":"closed","ping_status":"closed","template":"","meta":{"footnotes":""},"class_list":["post-495","page","type-page","status-publish","hentry"],"yoast_head":"<!-- This site is optimized with the Yoast SEO plugin v24.7 - https:\/\/yoast.com\/wordpress\/plugins\/seo\/ -->\n<title>EVENT \u2013 LIVE \/ Equipmentverleih -<\/title>\n<meta name=\"robots\" content=\"index, follow, max-snippet:-1, max-image-preview:large, max-video-preview:-1\" \/>\n<link rel=\"canonical\" href=\"https:\/\/www.videoworx.at\/?page_id=495\" \/>\n<meta property=\"og:locale\" content=\"de_DE\" \/>\n<meta property=\"og:type\" content=\"article\" \/>\n<meta property=\"og:title\" content=\"EVENT \u2013 LIVE \/ Equipmentverleih -\" \/>\n<meta property=\"og:description\" content=\"__________________________________________________________________________________________ Videomischer: ATEM &nbsp;Studio HD \/ 4K &nbsp;Video Mischer im Case, inkl. Monitor Verleih pro Tag \u20ac 250,00 +&nbsp;Mwst. __________________________________________________________________________________________ Instant Replay: Datavideo Replay 1 Kanal System Verleih pro Tag \u20ac 100,00 +&nbsp;Mwst. __________________________________________________________________________________________ SDI Kabel: HD SDI Videokabel 80m auf Rollen Verleih 1 St\u00fcck pro Tag \u20ac 20,00 +&nbsp;Mwst. __________________________________________________________________________________________ Mini Converter: HD SDI [&hellip;]\" \/>\n<meta property=\"og:url\" content=\"https:\/\/www.videoworx.at\/?page_id=495\" \/>\n<meta property=\"article:modified_time\" content=\"2023-01-05T12:32:33+00:00\" \/>\n<meta property=\"og:image\" content=\"http:\/\/www.videoworx.at\/wp-content\/uploads\/2022\/02\/Bildschirmfoto-2022-02-16-um-21.05.40.png\" \/>\n<meta name=\"twitter:card\" content=\"summary_large_image\" \/>\n<meta name=\"twitter:label1\" content=\"Gesch\u00e4tzte Lesezeit\" \/>\n\t<meta name=\"twitter:data1\" content=\"2\u00a0Minuten\" \/>\n<script type=\"application\/ld+json\" class=\"yoast-schema-graph\">{\"@context\":\"https:\/\/schema.org\",\"@graph\":[{\"@type\":\"WebPage\",\"@id\":\"https:\/\/www.videoworx.at\/?page_id=495\",\"url\":\"https:\/\/www.videoworx.at\/?page_id=495\",\"name\":\"EVENT \u2013 LIVE \/ Equipmentverleih -\",\"isPartOf\":{\"@id\":\"http:\/\/www.videoworx.at\/#website\"},\"primaryImageOfPage\":{\"@id\":\"https:\/\/www.videoworx.at\/?page_id=495#primaryimage\"},\"image\":{\"@id\":\"https:\/\/www.videoworx.at\/?page_id=495#primaryimage\"},\"thumbnailUrl\":\"http:\/\/www.videoworx.at\/wp-content\/uploads\/2022\/02\/Bildschirmfoto-2022-02-16-um-21.05.40.png\",\"datePublished\":\"2019-09-05T17:41:09+00:00\",\"dateModified\":\"2023-01-05T12:32:33+00:00\",\"breadcrumb\":{\"@id\":\"https:\/\/www.videoworx.at\/?page_id=495#breadcrumb\"},\"inLanguage\":\"de\",\"potentialAction\":[{\"@type\":\"ReadAction\",\"target\":[\"https:\/\/www.videoworx.at\/?page_id=495\"]}]},{\"@type\":\"ImageObject\",\"inLanguage\":\"de\",\"@id\":\"https:\/\/www.videoworx.at\/?page_id=495#primaryimage\",\"url\":\"http:\/\/www.videoworx.at\/wp-content\/uploads\/2022\/02\/Bildschirmfoto-2022-02-16-um-21.05.40.png\",\"contentUrl\":\"http:\/\/www.videoworx.at\/wp-content\/uploads\/2022\/02\/Bildschirmfoto-2022-02-16-um-21.05.40.png\"},{\"@type\":\"BreadcrumbList\",\"@id\":\"https:\/\/www.videoworx.at\/?page_id=495#breadcrumb\",\"itemListElement\":[{\"@type\":\"ListItem\",\"position\":1,\"name\":\"Startseite\",\"item\":\"http:\/\/www.videoworx.at\/\"},{\"@type\":\"ListItem\",\"position\":2,\"name\":\"Equipmentverleih\",\"item\":\"https:\/\/www.videoworx.at\/?page_id=146\"},{\"@type\":\"ListItem\",\"position\":3,\"name\":\"EVENT \u2013 LIVE \/ Equipmentverleih\"}]},{\"@type\":\"WebSite\",\"@id\":\"http:\/\/www.videoworx.at\/#website\",\"url\":\"http:\/\/www.videoworx.at\/\",\"name\":\"\",\"description\":\"\",\"publisher\":{\"@id\":\"http:\/\/www.videoworx.at\/#organization\"},\"potentialAction\":[{\"@type\":\"SearchAction\",\"target\":{\"@type\":\"EntryPoint\",\"urlTemplate\":\"http:\/\/www.videoworx.at\/?s={search_term_string}\"},\"query-input\":{\"@type\":\"PropertyValueSpecification\",\"valueRequired\":true,\"valueName\":\"search_term_string\"}}],\"inLanguage\":\"de\"},{\"@type\":\"Organization\",\"@id\":\"http:\/\/www.videoworx.at\/#organization\",\"name\":\"\",\"url\":\"http:\/\/www.videoworx.at\/\",\"logo\":{\"@type\":\"ImageObject\",\"inLanguage\":\"de\",\"@id\":\"http:\/\/www.videoworx.at\/#\/schema\/logo\/image\/\",\"url\":\"https:\/\/www.videoworx.at\/wp-content\/uploads\/2022\/12\/cropped-VideoWorks-klein.png\",\"contentUrl\":\"https:\/\/www.videoworx.at\/wp-content\/uploads\/2022\/12\/cropped-VideoWorks-klein.png\",\"width\":2167,\"height\":350,\"caption\":\" \"},\"image\":{\"@id\":\"http:\/\/www.videoworx.at\/#\/schema\/logo\/image\/\"}}]}<\/script>\n<!-- \/ Yoast SEO plugin. -->","yoast_head_json":{"title":"EVENT \u2013 LIVE \/ Equipmentverleih -","robots":{"index":"index","follow":"follow","max-snippet":"max-snippet:-1","max-image-preview":"max-image-preview:large","max-video-preview":"max-video-preview:-1"},"canonical":"https:\/\/www.videoworx.at\/?page_id=495","og_locale":"de_DE","og_type":"article","og_title":"EVENT \u2013 LIVE \/ Equipmentverleih -","og_description":"__________________________________________________________________________________________ Videomischer: ATEM &nbsp;Studio HD \/ 4K &nbsp;Video Mischer im Case, inkl. Monitor Verleih pro Tag \u20ac 250,00 +&nbsp;Mwst. __________________________________________________________________________________________ Instant Replay: Datavideo Replay 1 Kanal System Verleih pro Tag \u20ac 100,00 +&nbsp;Mwst. __________________________________________________________________________________________ SDI Kabel: HD SDI Videokabel 80m auf Rollen Verleih 1 St\u00fcck pro Tag \u20ac 20,00 +&nbsp;Mwst. __________________________________________________________________________________________ Mini Converter: HD SDI [&hellip;]","og_url":"https:\/\/www.videoworx.at\/?page_id=495","article_modified_time":"2023-01-05T12:32:33+00:00","og_image":[{"url":"http:\/\/www.videoworx.at\/wp-content\/uploads\/2022\/02\/Bildschirmfoto-2022-02-16-um-21.05.40.png","type":"","width":"","height":""}],"twitter_card":"summary_large_image","twitter_misc":{"Gesch\u00e4tzte Lesezeit":"2\u00a0Minuten"},"schema":{"@context":"https:\/\/schema.org","@graph":[{"@type":"WebPage","@id":"https:\/\/www.videoworx.at\/?page_id=495","url":"https:\/\/www.videoworx.at\/?page_id=495","name":"EVENT \u2013 LIVE \/ Equipmentverleih -","isPartOf":{"@id":"http:\/\/www.videoworx.at\/#website"},"primaryImageOfPage":{"@id":"https:\/\/www.videoworx.at\/?page_id=495#primaryimage"},"image":{"@id":"https:\/\/www.videoworx.at\/?page_id=495#primaryimage"},"thumbnailUrl":"http:\/\/www.videoworx.at\/wp-content\/uploads\/2022\/02\/Bildschirmfoto-2022-02-16-um-21.05.40.png","datePublished":"2019-09-05T17:41:09+00:00","dateModified":"2023-01-05T12:32:33+00:00","breadcrumb":{"@id":"https:\/\/www.videoworx.at\/?page_id=495#breadcrumb"},"inLanguage":"de","potentialAction":[{"@type":"ReadAction","target":["https:\/\/www.videoworx.at\/?page_id=495"]}]},{"@type":"ImageObject","inLanguage":"de","@id":"https:\/\/www.videoworx.at\/?page_id=495#primaryimage","url":"http:\/\/www.videoworx.at\/wp-content\/uploads\/2022\/02\/Bildschirmfoto-2022-02-16-um-21.05.40.png","contentUrl":"http:\/\/www.videoworx.at\/wp-content\/uploads\/2022\/02\/Bildschirmfoto-2022-02-16-um-21.05.40.png"},{"@type":"BreadcrumbList","@id":"https:\/\/www.videoworx.at\/?page_id=495#breadcrumb","itemListElement":[{"@type":"ListItem","position":1,"name":"Startseite","item":"http:\/\/www.videoworx.at\/"},{"@type":"ListItem","position":2,"name":"Equipmentverleih","item":"https:\/\/www.videoworx.at\/?page_id=146"},{"@type":"ListItem","position":3,"name":"EVENT \u2013 LIVE \/ Equipmentverleih"}]},{"@type":"WebSite","@id":"http:\/\/www.videoworx.at\/#website","url":"http:\/\/www.videoworx.at\/","name":"","description":"","publisher":{"@id":"http:\/\/www.videoworx.at\/#organization"},"potentialAction":[{"@type":"SearchAction","target":{"@type":"EntryPoint","urlTemplate":"http:\/\/www.videoworx.at\/?s={search_term_string}"},"query-input":{"@type":"PropertyValueSpecification","valueRequired":true,"valueName":"search_term_string"}}],"inLanguage":"de"},{"@type":"Organization","@id":"http:\/\/www.videoworx.at\/#organization","name":"","url":"http:\/\/www.videoworx.at\/","logo":{"@type":"ImageObject","inLanguage":"de","@id":"http:\/\/www.videoworx.at\/#\/schema\/logo\/image\/","url":"https:\/\/www.videoworx.at\/wp-content\/uploads\/2022\/12\/cropped-VideoWorks-klein.png","contentUrl":"https:\/\/www.videoworx.at\/wp-content\/uploads\/2022\/12\/cropped-VideoWorks-klein.png","width":2167,"height":350,"caption":" "},"image":{"@id":"http:\/\/www.videoworx.at\/#\/schema\/logo\/image\/"}}]}},"jetpack_sharing_enabled":true,"_links":{"self":[{"href":"https:\/\/www.videoworx.at\/index.php?rest_route=\/wp\/v2\/pages\/495"}],"collection":[{"href":"https:\/\/www.videoworx.at\/index.php?rest_route=\/wp\/v2\/pages"}],"about":[{"href":"https:\/\/www.videoworx.at\/index.php?rest_route=\/wp\/v2\/types\/page"}],"author":[{"embeddable":true,"href":"https:\/\/www.videoworx.at\/index.php?rest_route=\/wp\/v2\/users\/1"}],"replies":[{"embeddable":true,"href":"https:\/\/www.videoworx.at\/index.php?rest_route=%2Fwp%2Fv2%2Fcomments&post=495"}],"version-history":[{"count":8,"href":"https:\/\/www.videoworx.at\/index.php?rest_route=\/wp\/v2\/pages\/495\/revisions"}],"predecessor-version":[{"id":947,"href":"https:\/\/www.videoworx.at\/index.php?rest_route=\/wp\/v2\/pages\/495\/revisions\/947"}],"up":[{"embeddable":true,"href":"https:\/\/www.videoworx.at\/index.php?rest_route=\/wp\/v2\/pages\/146"}],"wp:attachment":[{"href":"https:\/\/www.videoworx.at\/index.php?rest_route=%2Fwp%2Fv2%2Fmedia&parent=495"}],"curies":[{"name":"wp","href":"https:\/\/api.w.org\/{rel}","templated":true}]}}