{"id":2,"date":"2013-10-23T13:51:20","date_gmt":"2013-10-23T13:51:20","guid":{"rendered":"http:\/\/www.wp1170956.server-he.de\/videoworx\/wordpress\/?page_id=2"},"modified":"2024-12-23T12:13:43","modified_gmt":"2024-12-23T11:13:43","slug":"beispiel-seite","status":"publish","type":"page","link":"https:\/\/www.videoworx.at\/","title":{"rendered":"Home"},"content":{"rendered":"\n<div class=\"alignnormal\"><div id=\"metaslider-id-920\" style=\"width: 100%;\" class=\"ml-slider-3-101-0 metaslider metaslider-nivo metaslider-920 ml-slider has-dots-nav ms-theme-default\" role=\"region\" aria-label=\"New Slideshow\" data-height=\"370\" data-width=\"700\">\n    <div id=\"metaslider_container_920\">\n        <div class='slider-wrapper theme-default'><div class='ribbon'><\/div><div id='metaslider_920' class='nivoSlider'><img loading=\"lazy\" decoding=\"async\" src=\"https:\/\/www.videoworx.at\/wp-content\/uploads\/2023\/01\/12809606_970308686383682_5748359817000812419_n-700x370.jpg\" height=\"370\" width=\"700\" title=\"12809606_970308686383682_5748359817000812419_n\" alt=\"\" class=\"slider-920 slide-922 msDefaultImage\" \/><img loading=\"lazy\" decoding=\"async\" src=\"https:\/\/www.videoworx.at\/wp-content\/uploads\/2023\/01\/df3c7feb-ef98-4f4e-9cf4-7e010aa8b202-700x370.jpg\" height=\"370\" width=\"700\" title=\"df3c7feb-ef98-4f4e-9cf4-7e010aa8b202\" alt=\"\" class=\"slider-920 slide-938 msDefaultImage\" \/><img loading=\"lazy\" decoding=\"async\" src=\"https:\/\/www.videoworx.at\/wp-content\/uploads\/2021\/01\/8aee7b23-12a8-4100-8ae9-6bba4c09df8c-700x370.jpg\" height=\"370\" width=\"700\" title=\"8aee7b23-12a8-4100-8ae9-6bba4c09df8c\" alt=\"\" class=\"slider-920 slide-951 msDefaultImage\" \/><img loading=\"lazy\" decoding=\"async\" src=\"https:\/\/www.videoworx.at\/wp-content\/uploads\/2017\/10\/161008_130_Jahre_Rhomberg_Werkstattbuehne_138-700x370.jpg\" height=\"370\" width=\"700\" data-caption=\"Live&uuml;bertragung auf Leinwand f&uuml;r Ihr Event\" title=\"161008_130_Jahre_Rhomberg_Werkstattbuehne_138\" alt=\"\" class=\"slider-920 slide-924 msDefaultImage\" \/><img loading=\"lazy\" decoding=\"async\" src=\"https:\/\/www.videoworx.at\/wp-content\/uploads\/2017\/10\/161008_130_Jahre_Rhomberg_Werkstattbuehne_154-700x370.jpg\" height=\"370\" width=\"700\" data-caption=\"Aftermovie \/ Alle Highlights ihres Events in einem Video\" title=\"161008_130_Jahre_Rhomberg_Werkstattbuehne_154\" alt=\"\" class=\"slider-920 slide-923 msDefaultImage\" \/><img loading=\"lazy\" decoding=\"async\" src=\"https:\/\/www.videoworx.at\/wp-content\/uploads\/2023\/01\/BBC6F56A-8681-48BE-A105-5FB89557E753-700x370.jpg\" height=\"370\" width=\"700\" title=\"BBC6F56A-8681-48BE-A105-5FB89557E753\" alt=\"\" class=\"slider-920 slide-927 msDefaultImage\" \/><img loading=\"lazy\" decoding=\"async\" src=\"https:\/\/www.videoworx.at\/wp-content\/uploads\/2023\/01\/89FB8D08-BE02-4C8F-AA83-FB5994CB3B49-700x370.jpg\" height=\"370\" width=\"700\" title=\"89FB8D08-BE02-4C8F-AA83-FB5994CB3B49\" alt=\"\" class=\"slider-920 slide-930 msDefaultImage\" \/><img loading=\"lazy\" decoding=\"async\" src=\"https:\/\/www.videoworx.at\/wp-content\/uploads\/2023\/01\/IMG_7731-scaled-700x370.jpeg\" height=\"370\" width=\"700\" data-caption=\"Livestream \/ Kunden k&ouml;nnen am Event standortunabh&auml;ngig und in Echtzeit teilnehmen. \" title=\"IMG_7731\" alt=\"\" class=\"slider-920 slide-932 msDefaultImage\" \/><img loading=\"lazy\" decoding=\"async\" src=\"https:\/\/www.videoworx.at\/wp-content\/uploads\/2023\/01\/IMG_8569-scaled-e1672869935887-700x370.jpeg\" height=\"370\" width=\"700\" data-caption=\"Event Visualisierung \/ das auch die letzte Reihe alles hautnah mitbekommt\" title=\"IMG_8569\" alt=\"\" class=\"slider-920 slide-933 msDefaultImage\" \/><img loading=\"lazy\" decoding=\"async\" src=\"https:\/\/www.videoworx.at\/wp-content\/uploads\/2023\/01\/IMG_8733-scaled-700x370.jpeg\" height=\"370\" width=\"700\" title=\"IMG_8733\" alt=\"\" class=\"slider-920 slide-935 msDefaultImage\" \/><img loading=\"lazy\" decoding=\"async\" src=\"https:\/\/www.videoworx.at\/wp-content\/uploads\/2023\/01\/f1e596d5-6eab-42cc-930c-fe5af3d738f4-700x370.jpg\" height=\"370\" width=\"700\" title=\"f1e596d5-6eab-42cc-930c-fe5af3d738f4\" alt=\"\" class=\"slider-920 slide-937 msDefaultImage\" \/><\/div><\/div>\n        \n    <\/div>\n<\/div><\/div>\n\n\n<p><strong>\u00a0<\/strong><\/p>\n<p><strong>Herzlich Willkommen!<\/strong><\/p>\n<p><strong>Im Bereich Videoproduktion finden Sie in uns einen Partner, der Ihre Idee in Bild und Ton umsetzt! Ein Video ist f\u00fcr die \u00dcbermittlung einer Nachricht unschlagbar. Viele wichtige Informationen k\u00f6nnen vermittelt und sehr schnell vom Betrachter aufgenommen werden. Dabei wirkt das Video meistens entspannend und unterhaltsam.<\/strong><\/p>\n<p><strong>Darum bieten wir professionelle Videodrehs nat\u00fcrlich in High Definition und 4K, exakter Schnitt und professionelle Nachbearbeitung f\u00fcr Ihren perfekten Imagefilm, Ihre gelungene Videoreportage oder Ihr aussagekr\u00e4ftiges Produktvideo.<\/strong><\/p>\n<p><strong>Kommen Sie in den Genuss unseres fantastischen Gesp\u00fcrs, vielsagende Momente und eindrucksvolle Situationen festzuhalten. In der Postproduktion ist moderne Schnitttechnik oberstes Gebot!<\/strong><\/p>\n<p><strong>Videoproduktion | Event Visualisierung | Equipmentverleih<\/strong><br \/><strong>videoworx.at<\/strong><\/p>\n<p><strong>A-6837 Weiler | Lehenweg 15a | Tel: +43 (0) 660 652 236 1<\/strong><br \/><strong>info@videoworx.at<\/strong><\/p>","protected":false},"excerpt":{"rendered":"<p>\u00a0 Herzlich Willkommen! Im Bereich Videoproduktion finden Sie in uns einen Partner, der Ihre Idee in Bild und Ton umsetzt! Ein Video ist f\u00fcr die \u00dcbermittlung einer Nachricht unschlagbar. Viele wichtige Informationen k\u00f6nnen vermittelt und sehr schnell vom Betrachter aufgenommen werden. Dabei wirkt das Video meistens entspannend und unterhaltsam. Darum bieten wir professionelle Videodrehs nat\u00fcrlich [&hellip;]<\/p>\n","protected":false},"author":1,"featured_media":0,"parent":0,"menu_order":0,"comment_status":"closed","ping_status":"closed","template":"","meta":{"footnotes":""},"class_list":["post-2","page","type-page","status-publish","hentry"],"yoast_head":"<!-- This site is optimized with the Yoast SEO plugin v24.7 - https:\/\/yoast.com\/wordpress\/plugins\/seo\/ -->\n<title>Home -<\/title>\n<meta name=\"robots\" content=\"index, follow, max-snippet:-1, max-image-preview:large, max-video-preview:-1\" \/>\n<link rel=\"canonical\" href=\"http:\/\/www.videoworx.at\/\" \/>\n<meta property=\"og:locale\" content=\"de_DE\" \/>\n<meta property=\"og:type\" content=\"article\" \/>\n<meta property=\"og:title\" content=\"Home -\" \/>\n<meta property=\"og:description\" content=\"\u00a0 Herzlich Willkommen! Im Bereich Videoproduktion finden Sie in uns einen Partner, der Ihre Idee in Bild und Ton umsetzt! Ein Video ist f\u00fcr die \u00dcbermittlung einer Nachricht unschlagbar. Viele wichtige Informationen k\u00f6nnen vermittelt und sehr schnell vom Betrachter aufgenommen werden. Dabei wirkt das Video meistens entspannend und unterhaltsam. Darum bieten wir professionelle Videodrehs nat\u00fcrlich [&hellip;]\" \/>\n<meta property=\"og:url\" content=\"http:\/\/www.videoworx.at\/\" \/>\n<meta property=\"article:modified_time\" content=\"2024-12-23T11:13:43+00:00\" \/>\n<meta name=\"twitter:card\" content=\"summary_large_image\" \/>\n<meta name=\"twitter:label1\" content=\"Gesch\u00e4tzte Lesezeit\" \/>\n\t<meta name=\"twitter:data1\" content=\"1\u00a0Minute\" \/>\n<script type=\"application\/ld+json\" class=\"yoast-schema-graph\">{\"@context\":\"https:\/\/schema.org\",\"@graph\":[{\"@type\":\"WebPage\",\"@id\":\"http:\/\/www.videoworx.at\/\",\"url\":\"http:\/\/www.videoworx.at\/\",\"name\":\"Home -\",\"isPartOf\":{\"@id\":\"http:\/\/www.videoworx.at\/#website\"},\"datePublished\":\"2013-10-23T13:51:20+00:00\",\"dateModified\":\"2024-12-23T11:13:43+00:00\",\"breadcrumb\":{\"@id\":\"http:\/\/www.videoworx.at\/#breadcrumb\"},\"inLanguage\":\"de\",\"potentialAction\":[{\"@type\":\"ReadAction\",\"target\":[\"http:\/\/www.videoworx.at\/\"]}]},{\"@type\":\"BreadcrumbList\",\"@id\":\"http:\/\/www.videoworx.at\/#breadcrumb\",\"itemListElement\":[{\"@type\":\"ListItem\",\"position\":1,\"name\":\"Startseite\",\"item\":\"http:\/\/www.videoworx.at\/\"},{\"@type\":\"ListItem\",\"position\":2,\"name\":\"Home\"}]},{\"@type\":\"WebSite\",\"@id\":\"http:\/\/www.videoworx.at\/#website\",\"url\":\"http:\/\/www.videoworx.at\/\",\"name\":\"\",\"description\":\"\",\"publisher\":{\"@id\":\"http:\/\/www.videoworx.at\/#organization\"},\"potentialAction\":[{\"@type\":\"SearchAction\",\"target\":{\"@type\":\"EntryPoint\",\"urlTemplate\":\"http:\/\/www.videoworx.at\/?s={search_term_string}\"},\"query-input\":{\"@type\":\"PropertyValueSpecification\",\"valueRequired\":true,\"valueName\":\"search_term_string\"}}],\"inLanguage\":\"de\"},{\"@type\":\"Organization\",\"@id\":\"http:\/\/www.videoworx.at\/#organization\",\"name\":\"\",\"url\":\"http:\/\/www.videoworx.at\/\",\"logo\":{\"@type\":\"ImageObject\",\"inLanguage\":\"de\",\"@id\":\"http:\/\/www.videoworx.at\/#\/schema\/logo\/image\/\",\"url\":\"https:\/\/www.videoworx.at\/wp-content\/uploads\/2022\/12\/cropped-VideoWorks-klein.png\",\"contentUrl\":\"https:\/\/www.videoworx.at\/wp-content\/uploads\/2022\/12\/cropped-VideoWorks-klein.png\",\"width\":2167,\"height\":350,\"caption\":\" \"},\"image\":{\"@id\":\"http:\/\/www.videoworx.at\/#\/schema\/logo\/image\/\"}}]}<\/script>\n<!-- \/ Yoast SEO plugin. -->","yoast_head_json":{"title":"Home -","robots":{"index":"index","follow":"follow","max-snippet":"max-snippet:-1","max-image-preview":"max-image-preview:large","max-video-preview":"max-video-preview:-1"},"canonical":"http:\/\/www.videoworx.at\/","og_locale":"de_DE","og_type":"article","og_title":"Home -","og_description":"\u00a0 Herzlich Willkommen! Im Bereich Videoproduktion finden Sie in uns einen Partner, der Ihre Idee in Bild und Ton umsetzt! Ein Video ist f\u00fcr die \u00dcbermittlung einer Nachricht unschlagbar. Viele wichtige Informationen k\u00f6nnen vermittelt und sehr schnell vom Betrachter aufgenommen werden. Dabei wirkt das Video meistens entspannend und unterhaltsam. Darum bieten wir professionelle Videodrehs nat\u00fcrlich [&hellip;]","og_url":"http:\/\/www.videoworx.at\/","article_modified_time":"2024-12-23T11:13:43+00:00","twitter_card":"summary_large_image","twitter_misc":{"Gesch\u00e4tzte Lesezeit":"1\u00a0Minute"},"schema":{"@context":"https:\/\/schema.org","@graph":[{"@type":"WebPage","@id":"http:\/\/www.videoworx.at\/","url":"http:\/\/www.videoworx.at\/","name":"Home -","isPartOf":{"@id":"http:\/\/www.videoworx.at\/#website"},"datePublished":"2013-10-23T13:51:20+00:00","dateModified":"2024-12-23T11:13:43+00:00","breadcrumb":{"@id":"http:\/\/www.videoworx.at\/#breadcrumb"},"inLanguage":"de","potentialAction":[{"@type":"ReadAction","target":["http:\/\/www.videoworx.at\/"]}]},{"@type":"BreadcrumbList","@id":"http:\/\/www.videoworx.at\/#breadcrumb","itemListElement":[{"@type":"ListItem","position":1,"name":"Startseite","item":"http:\/\/www.videoworx.at\/"},{"@type":"ListItem","position":2,"name":"Home"}]},{"@type":"WebSite","@id":"http:\/\/www.videoworx.at\/#website","url":"http:\/\/www.videoworx.at\/","name":"","description":"","publisher":{"@id":"http:\/\/www.videoworx.at\/#organization"},"potentialAction":[{"@type":"SearchAction","target":{"@type":"EntryPoint","urlTemplate":"http:\/\/www.videoworx.at\/?s={search_term_string}"},"query-input":{"@type":"PropertyValueSpecification","valueRequired":true,"valueName":"search_term_string"}}],"inLanguage":"de"},{"@type":"Organization","@id":"http:\/\/www.videoworx.at\/#organization","name":"","url":"http:\/\/www.videoworx.at\/","logo":{"@type":"ImageObject","inLanguage":"de","@id":"http:\/\/www.videoworx.at\/#\/schema\/logo\/image\/","url":"https:\/\/www.videoworx.at\/wp-content\/uploads\/2022\/12\/cropped-VideoWorks-klein.png","contentUrl":"https:\/\/www.videoworx.at\/wp-content\/uploads\/2022\/12\/cropped-VideoWorks-klein.png","width":2167,"height":350,"caption":" "},"image":{"@id":"http:\/\/www.videoworx.at\/#\/schema\/logo\/image\/"}}]}},"jetpack_sharing_enabled":true,"_links":{"self":[{"href":"https:\/\/www.videoworx.at\/index.php?rest_route=\/wp\/v2\/pages\/2"}],"collection":[{"href":"https:\/\/www.videoworx.at\/index.php?rest_route=\/wp\/v2\/pages"}],"about":[{"href":"https:\/\/www.videoworx.at\/index.php?rest_route=\/wp\/v2\/types\/page"}],"author":[{"embeddable":true,"href":"https:\/\/www.videoworx.at\/index.php?rest_route=\/wp\/v2\/users\/1"}],"replies":[{"embeddable":true,"href":"https:\/\/www.videoworx.at\/index.php?rest_route=%2Fwp%2Fv2%2Fcomments&post=2"}],"version-history":[{"count":20,"href":"https:\/\/www.videoworx.at\/index.php?rest_route=\/wp\/v2\/pages\/2\/revisions"}],"predecessor-version":[{"id":1310,"href":"https:\/\/www.videoworx.at\/index.php?rest_route=\/wp\/v2\/pages\/2\/revisions\/1310"}],"wp:attachment":[{"href":"https:\/\/www.videoworx.at\/index.php?rest_route=%2Fwp%2Fv2%2Fmedia&parent=2"}],"curies":[{"name":"wp","href":"https:\/\/api.w.org\/{rel}","templated":true}]}}